{"id":6970,"date":"2025-11-04T13:44:56","date_gmt":"2025-11-04T13:44:56","guid":{"rendered":"https:\/\/guzman.kontacto.cl\/?page_id=6970"},"modified":"2025-12-18T17:36:48","modified_gmt":"2025-12-18T17:36:48","slug":"litigios-y-arbitrajes","status":"publish","type":"page","link":"https:\/\/guzman.kontacto.cl\/en\/litigios-y-arbitrajes\/","title":{"rendered":"Litigation and Arbitration"},"content":{"rendered":"<div data-elementor-type=\"wp-page\" data-elementor-id=\"6970\" class=\"elementor elementor-6970\" data-elementor-post-type=\"page\">\n\t\t\t\t<div class=\"elementor-element elementor-element-e3f2701 e-con-full e-flex e-con e-parent\" data-id=\"e3f2701\" data-element_type=\"container\" data-settings=\"{&quot;background_background&quot;:&quot;classic&quot;}\">\n\t\t<div class=\"elementor-element elementor-element-f52a8d8 e-flex e-con-boxed e-con e-child\" data-id=\"f52a8d8\" data-element_type=\"container\">\n\t\t\t\t\t<div class=\"e-con-inner\">\n\t\t\t\t<div class=\"elementor-element elementor-element-68bbee3 elementor-widget elementor-widget-page-title\" data-id=\"68bbee3\" data-element_type=\"widget\" data-widget_type=\"page-title.default\">\n\t\t\t\t<div class=\"elementor-widget-container\">\n\t\t\t\t\t\t\t\n\t\t<div class=\"hfe-page-title hfe-page-title-wrapper elementor-widget-heading\">\n\n\t\t\t\t\t\t\t\t\t\t\t<a href=\"https:\/\/guzman.kontacto.cl\/en\/\">\n\t\t\t\t\t\t<h2 class=\"elementor-heading-title elementor-size-default\">\n\t\t\t\t\t\t\t\t\n\t\t\t\tLitigation and Arbitration  \n\t\t\t<\/h2> \n\t\t\t\t\t\t\t\t\t<\/a>\n\t\t\t\t\t<\/div>\n\t\t\t\t\t\t<\/div>\n\t\t\t\t<\/div>\n\t\t<div class=\"elementor-element elementor-element-8851978 e-con-full e-flex e-con e-child\" data-id=\"8851978\" data-element_type=\"container\">\n\t\t<div class=\"elementor-element elementor-element-9039307 e-con-full e-flex e-con e-child\" data-id=\"9039307\" data-element_type=\"container\">\n\t\t\t\t<div class=\"elementor-element elementor-element-adedf37 elementor-widget elementor-widget-text-editor\" data-id=\"adedf37\" data-element_type=\"widget\" data-widget_type=\"text-editor.default\">\n\t\t\t\t\t\t\t\t\t<p>The <strong>Conflict resolution<\/strong> is a key area at Estudio Guzm\u00e1n. We represent our clients in litigation and arbitration, offering a solid defense in tax, commercial, labor, and civil matters.<\/p><p><br \/><!--EndFragment --><\/p>\t\t\t\t\t\t\t\t<\/div>\n\t\t\t\t<\/div>\n\t\t<div class=\"elementor-element elementor-element-75445d6 e-con-full e-flex e-con e-child\" data-id=\"75445d6\" data-element_type=\"container\">\n\t\t\t\t<div class=\"elementor-element elementor-element-7879e08 elementor-align-left elementor-widget elementor-widget-button\" data-id=\"7879e08\" data-element_type=\"widget\" data-widget_type=\"button.default\">\n\t\t\t\t\t\t\t\t\t\t<a class=\"elementor-button elementor-button-link elementor-size-sm\" href=\"https:\/\/guzman.kontacto.cl\/en\/contacto\/\">\n\t\t\t\t\t\t<span class=\"elementor-button-content-wrapper\">\n\t\t\t\t\t\t\t\t\t<span class=\"elementor-button-text\">Contact us<\/span>\n\t\t\t\t\t<\/span>\n\t\t\t\t\t<\/a>\n\t\t\t\t\t\t\t\t<\/div>\n\t\t\t\t<\/div>\n\t\t\t\t<\/div>\n\t\t\t\t\t<\/div>\n\t\t\t\t<\/div>\n\t\t\t\t<\/div>\n\t\t<div class=\"elementor-element elementor-element-4c1e0e6 e-flex e-con-boxed e-con e-parent\" data-id=\"4c1e0e6\" data-element_type=\"container\">\n\t\t\t\t\t<div class=\"e-con-inner\">\n\t\t<div class=\"elementor-element elementor-element-24b4c3a e-con-full e-flex e-con e-child\" data-id=\"24b4c3a\" data-element_type=\"container\">\n\t\t<div class=\"elementor-element elementor-element-a2944fc e-con-full e-flex e-con e-child\" data-id=\"a2944fc\" data-element_type=\"container\">\n\t\t\t\t<div class=\"elementor-element elementor-element-b83cca4 elementor-widget elementor-widget-image\" data-id=\"b83cca4\" data-element_type=\"widget\" data-widget_type=\"image.default\">\n\t\t\t\t\t\t\t\t\t\t\t\t\t\t\t<img fetchpriority=\"high\" decoding=\"async\" width=\"768\" height=\"886\" src=\"https:\/\/guzman.kontacto.cl\/wp-content\/uploads\/2025\/11\/bg-servicios.jpg\" class=\"attachment-large size-large wp-image-6961\" alt=\"\" srcset=\"https:\/\/guzman.kontacto.cl\/wp-content\/uploads\/2025\/11\/bg-servicios.jpg 768w, https:\/\/guzman.kontacto.cl\/wp-content\/uploads\/2025\/11\/bg-servicios-260x300.jpg 260w\" sizes=\"(max-width: 768px) 100vw, 768px\" \/>\t\t\t\t\t\t\t\t\t\t\t\t\t\t\t<\/div>\n\t\t\t\t<\/div>\n\t\t<div class=\"elementor-element elementor-element-8a04403 e-con-full e-flex e-con e-child\" data-id=\"8a04403\" data-element_type=\"container\">\n\t\t\t\t<div class=\"elementor-element elementor-element-f48a1a5 elementor-widget elementor-widget-n-accordion\" data-id=\"f48a1a5\" data-element_type=\"widget\" data-settings=\"{&quot;default_state&quot;:&quot;expanded&quot;,&quot;max_items_expended&quot;:&quot;one&quot;,&quot;n_accordion_animation_duration&quot;:{&quot;unit&quot;:&quot;ms&quot;,&quot;size&quot;:400,&quot;sizes&quot;:[]}}\" data-widget_type=\"nested-accordion.default\">\n\t\t\t\t\t\t\t<div class=\"e-n-accordion\" aria-label=\"Accordion. Open links with Enter or Space, close with Escape, and navigate with Arrow Keys\">\n\t\t\t\t\t\t<details id=\"e-n-accordion-item-2560\" class=\"e-n-accordion-item\" open>\n\t\t\t\t<summary class=\"e-n-accordion-item-title\" data-accordion-index=\"1\" tabindex=\"0\" aria-expanded=\"true\" aria-controls=\"e-n-accordion-item-2560\" >\n\t\t\t\t\t<span class='e-n-accordion-item-title-header'><div class=\"e-n-accordion-item-title-text\"> Civil Litigation <\/div><\/span>\n\t\t\t\t\t\t\t<span class='e-n-accordion-item-title-icon'>\n\t\t\t<span class='e-opened' ><i aria-hidden=\"true\" class=\"fas fa-minus\"><\/i><\/span>\n\t\t\t<span class='e-closed'><i aria-hidden=\"true\" class=\"fas fa-plus\"><\/i><\/span>\n\t\t<\/span>\n\n\t\t\t\t\t\t<\/summary>\n\t\t\t\t<div role=\"region\" aria-labelledby=\"e-n-accordion-item-2560\" class=\"elementor-element elementor-element-75476d6 e-con-full e-flex e-con e-child\" data-id=\"75476d6\" data-element_type=\"container\">\n\t\t\t\t<div class=\"elementor-element elementor-element-a34063f elementor-widget elementor-widget-text-editor\" data-id=\"a34063f\" data-element_type=\"widget\" data-widget_type=\"text-editor.default\">\n\t\t\t\t\t\t\t\t\t<p>We represent our clients in <strong>trials before ordinary courts<\/strong>, defending our clients' interests in various branches of law.<\/p>\t\t\t\t\t\t\t\t<\/div>\n\t\t\t\t<\/div>\n\t\t\t\t\t<\/details>\n\t\t\t\t\t\t<details id=\"e-n-accordion-item-2561\" class=\"e-n-accordion-item\" >\n\t\t\t\t<summary class=\"e-n-accordion-item-title\" data-accordion-index=\"2\" tabindex=\"-1\" aria-expanded=\"false\" aria-controls=\"e-n-accordion-item-2561\" >\n\t\t\t\t\t<span class='e-n-accordion-item-title-header'><div class=\"e-n-accordion-item-title-text\"> Corporate Arbitration <\/div><\/span>\n\t\t\t\t\t\t\t<span class='e-n-accordion-item-title-icon'>\n\t\t\t<span class='e-opened' ><i aria-hidden=\"true\" class=\"fas fa-minus\"><\/i><\/span>\n\t\t\t<span class='e-closed'><i aria-hidden=\"true\" class=\"fas fa-plus\"><\/i><\/span>\n\t\t<\/span>\n\n\t\t\t\t\t\t<\/summary>\n\t\t\t\t<div role=\"region\" aria-labelledby=\"e-n-accordion-item-2561\" class=\"elementor-element elementor-element-de9b02b e-con-full e-flex e-con e-child\" data-id=\"de9b02b\" data-element_type=\"container\">\n\t\t\t\t<div class=\"elementor-element elementor-element-f4daf11 elementor-widget elementor-widget-text-editor\" data-id=\"f4daf11\" data-element_type=\"widget\" data-widget_type=\"text-editor.default\">\n\t\t\t\t\t\t\t\t\t<p>We have experience in <strong>corporate conflicts in arbitration venues<\/strong>, acting both as claimants and defendants.<\/p>\t\t\t\t\t\t\t\t<\/div>\n\t\t\t\t<\/div>\n\t\t\t\t\t<\/details>\n\t\t\t\t\t\t<details id=\"e-n-accordion-item-2562\" class=\"e-n-accordion-item\" >\n\t\t\t\t<summary class=\"e-n-accordion-item-title\" data-accordion-index=\"3\" tabindex=\"-1\" aria-expanded=\"false\" aria-controls=\"e-n-accordion-item-2562\" >\n\t\t\t\t\t<span class='e-n-accordion-item-title-header'><div class=\"e-n-accordion-item-title-text\"> Corporate Defense <\/div><\/span>\n\t\t\t\t\t\t\t<span class='e-n-accordion-item-title-icon'>\n\t\t\t<span class='e-opened' ><i aria-hidden=\"true\" class=\"fas fa-minus\"><\/i><\/span>\n\t\t\t<span class='e-closed'><i aria-hidden=\"true\" class=\"fas fa-plus\"><\/i><\/span>\n\t\t<\/span>\n\n\t\t\t\t\t\t<\/summary>\n\t\t\t\t<div role=\"region\" aria-labelledby=\"e-n-accordion-item-2562\" class=\"elementor-element elementor-element-9e3e726 e-con-full e-flex e-con e-child\" data-id=\"9e3e726\" data-element_type=\"container\">\n\t\t\t\t<div class=\"elementor-element elementor-element-af78075 elementor-widget elementor-widget-text-editor\" data-id=\"af78075\" data-element_type=\"widget\" data-widget_type=\"text-editor.default\">\n\t\t\t\t\t\t\t\t\t<p>We advise companies facing <strong>claims, labor complaints, and lawsuits<\/strong>, safeguarding their operational continuity and reputation.<\/p>\t\t\t\t\t\t\t\t<\/div>\n\t\t\t\t<\/div>\n\t\t\t\t\t<\/details>\n\t\t\t\t\t\t<details id=\"e-n-accordion-item-2563\" class=\"e-n-accordion-item\" >\n\t\t\t\t<summary class=\"e-n-accordion-item-title\" data-accordion-index=\"4\" tabindex=\"-1\" aria-expanded=\"false\" aria-controls=\"e-n-accordion-item-2563\" >\n\t\t\t\t\t<span class='e-n-accordion-item-title-header'><div class=\"e-n-accordion-item-title-text\"> Strategy and Experience <\/div><\/span>\n\t\t\t\t\t\t\t<span class='e-n-accordion-item-title-icon'>\n\t\t\t<span class='e-opened' ><i aria-hidden=\"true\" class=\"fas fa-minus\"><\/i><\/span>\n\t\t\t<span class='e-closed'><i aria-hidden=\"true\" class=\"fas fa-plus\"><\/i><\/span>\n\t\t<\/span>\n\n\t\t\t\t\t\t<\/summary>\n\t\t\t\t<div role=\"region\" aria-labelledby=\"e-n-accordion-item-2563\" class=\"elementor-element elementor-element-74d84af e-con-full e-flex e-con e-child\" data-id=\"74d84af\" data-element_type=\"container\">\n\t\t\t\t<div class=\"elementor-element elementor-element-35ee0cc elementor-widget elementor-widget-text-editor\" data-id=\"35ee0cc\" data-element_type=\"widget\" data-widget_type=\"text-editor.default\">\n\t\t\t\t\t\t\t\t\t<p>Our team combines <strong>technical knowledge and strategic vision<\/strong>, allowing us to design effective defenses and high-impact solutions.<\/p>\t\t\t\t\t\t\t\t<\/div>\n\t\t\t\t<\/div>\n\t\t\t\t\t<\/details>\n\t\t\t\t\t<\/div>\n\t\t\t\t\t\t<\/div>\n\t\t\t\t<\/div>\n\t\t\t\t<\/div>\n\t\t\t\t\t<\/div>\n\t\t\t\t<\/div>\n\t\t\t\t<\/div>","protected":false},"excerpt":{"rendered":"<p>Litigios y Arbitrajes La resoluci\u00f3n de conflictos es un \u00e1rea clave en Estudio Guzm\u00e1n. Representamos a nuestros clientes en litigios y arbitrajes, ofreciendo una defensa s\u00f3lida en materias tributarias, comerciales, laborales y civiles. Cont\u00e1ctanos Litigios civiles Representamos a nuestros clientes en juicios ante tribunales ordinarios, defendiendo los intereses de nuestros clientes en diversas ramas del [&hellip;]<\/p>","protected":false},"author":1,"featured_media":0,"parent":0,"menu_order":0,"comment_status":"closed","ping_status":"closed","template":"","meta":{"_acf_changed":false,"footnotes":""},"class_list":["post-6970","page","type-page","status-publish","hentry"],"acf":[],"yoast_head":"<!-- This site is optimized with the Yoast SEO plugin v25.1 - https:\/\/yoast.com\/wordpress\/plugins\/seo\/ -->\n<title>Litigios y Arbitrajes - Estudio Guzman<\/title>\n<meta name=\"robots\" content=\"index, follow, max-snippet:-1, max-image-preview:large, max-video-preview:-1\" \/>\n<link rel=\"canonical\" href=\"https:\/\/guzman.kontacto.cl\/en\/litigios-y-arbitrajes\/\" \/>\n<meta property=\"og:locale\" content=\"en_US\" \/>\n<meta property=\"og:type\" content=\"article\" \/>\n<meta property=\"og:title\" content=\"Litigios y Arbitrajes - Estudio Guzman\" \/>\n<meta property=\"og:description\" content=\"Litigios y Arbitrajes La resoluci\u00f3n de conflictos es un \u00e1rea clave en Estudio Guzm\u00e1n. Representamos a nuestros clientes en litigios y arbitrajes, ofreciendo una defensa s\u00f3lida en materias tributarias, comerciales, laborales y civiles. Cont\u00e1ctanos Litigios civiles Representamos a nuestros clientes en juicios ante tribunales ordinarios, defendiendo los intereses de nuestros clientes en diversas ramas del [&hellip;]\" \/>\n<meta property=\"og:url\" content=\"https:\/\/guzman.kontacto.cl\/en\/litigios-y-arbitrajes\/\" \/>\n<meta property=\"og:site_name\" content=\"Estudio Guzman\" \/>\n<meta property=\"article:modified_time\" content=\"2025-12-18T17:36:48+00:00\" \/>\n<meta property=\"og:image\" content=\"https:\/\/guzman.kontacto.cl\/wp-content\/uploads\/2025\/11\/bg-servicios.jpg\" \/>\n\t<meta property=\"og:image:width\" content=\"768\" \/>\n\t<meta property=\"og:image:height\" content=\"886\" \/>\n\t<meta property=\"og:image:type\" content=\"image\/jpeg\" \/>\n<meta name=\"twitter:card\" content=\"summary_large_image\" \/>\n<meta name=\"twitter:label1\" content=\"Est. reading time\" \/>\n\t<meta name=\"twitter:data1\" content=\"1 minute\" \/>\n<script type=\"application\/ld+json\" class=\"yoast-schema-graph\">{\"@context\":\"https:\/\/schema.org\",\"@graph\":[{\"@type\":\"WebPage\",\"@id\":\"https:\/\/guzman.kontacto.cl\/litigios-y-arbitrajes\/\",\"url\":\"https:\/\/guzman.kontacto.cl\/litigios-y-arbitrajes\/\",\"name\":\"Litigios y Arbitrajes - Estudio Guzman\",\"isPartOf\":{\"@id\":\"https:\/\/guzman.kontacto.cl\/#website\"},\"primaryImageOfPage\":{\"@id\":\"https:\/\/guzman.kontacto.cl\/litigios-y-arbitrajes\/#primaryimage\"},\"image\":{\"@id\":\"https:\/\/guzman.kontacto.cl\/litigios-y-arbitrajes\/#primaryimage\"},\"thumbnailUrl\":\"https:\/\/guzman.kontacto.cl\/wp-content\/uploads\/2025\/11\/bg-servicios.jpg\",\"datePublished\":\"2025-11-04T13:44:56+00:00\",\"dateModified\":\"2025-12-18T17:36:48+00:00\",\"breadcrumb\":{\"@id\":\"https:\/\/guzman.kontacto.cl\/litigios-y-arbitrajes\/#breadcrumb\"},\"inLanguage\":\"en-US\",\"potentialAction\":[{\"@type\":\"ReadAction\",\"target\":[\"https:\/\/guzman.kontacto.cl\/litigios-y-arbitrajes\/\"]}]},{\"@type\":\"ImageObject\",\"inLanguage\":\"en-US\",\"@id\":\"https:\/\/guzman.kontacto.cl\/litigios-y-arbitrajes\/#primaryimage\",\"url\":\"https:\/\/guzman.kontacto.cl\/wp-content\/uploads\/2025\/11\/bg-servicios.jpg\",\"contentUrl\":\"https:\/\/guzman.kontacto.cl\/wp-content\/uploads\/2025\/11\/bg-servicios.jpg\"},{\"@type\":\"BreadcrumbList\",\"@id\":\"https:\/\/guzman.kontacto.cl\/litigios-y-arbitrajes\/#breadcrumb\",\"itemListElement\":[{\"@type\":\"ListItem\",\"position\":1,\"name\":\"Portada\",\"item\":\"https:\/\/guzman.kontacto.cl\/\"},{\"@type\":\"ListItem\",\"position\":2,\"name\":\"Litigios y Arbitrajes\"}]},{\"@type\":\"WebSite\",\"@id\":\"https:\/\/guzman.kontacto.cl\/#website\",\"url\":\"https:\/\/guzman.kontacto.cl\/\",\"name\":\"Estudio Guzman\",\"description\":\"Asesor\u00eda legal de excelencia para decisiones estrat\u00e9gicas\",\"potentialAction\":[{\"@type\":\"SearchAction\",\"target\":{\"@type\":\"EntryPoint\",\"urlTemplate\":\"https:\/\/guzman.kontacto.cl\/?s={search_term_string}\"},\"query-input\":{\"@type\":\"PropertyValueSpecification\",\"valueRequired\":true,\"valueName\":\"search_term_string\"}}],\"inLanguage\":\"en-US\"}]}<\/script>\n<!-- \/ Yoast SEO plugin. -->","yoast_head_json":{"title":"Litigios y Arbitrajes - Estudio Guzman","robots":{"index":"index","follow":"follow","max-snippet":"max-snippet:-1","max-image-preview":"max-image-preview:large","max-video-preview":"max-video-preview:-1"},"canonical":"https:\/\/guzman.kontacto.cl\/en\/litigios-y-arbitrajes\/","og_locale":"en_US","og_type":"article","og_title":"Litigios y Arbitrajes - Estudio Guzman","og_description":"Litigios y Arbitrajes La resoluci\u00f3n de conflictos es un \u00e1rea clave en Estudio Guzm\u00e1n. Representamos a nuestros clientes en litigios y arbitrajes, ofreciendo una defensa s\u00f3lida en materias tributarias, comerciales, laborales y civiles. Cont\u00e1ctanos Litigios civiles Representamos a nuestros clientes en juicios ante tribunales ordinarios, defendiendo los intereses de nuestros clientes en diversas ramas del [&hellip;]","og_url":"https:\/\/guzman.kontacto.cl\/en\/litigios-y-arbitrajes\/","og_site_name":"Estudio Guzman","article_modified_time":"2025-12-18T17:36:48+00:00","og_image":[{"width":768,"height":886,"url":"https:\/\/guzman.kontacto.cl\/wp-content\/uploads\/2025\/11\/bg-servicios.jpg","type":"image\/jpeg"}],"twitter_card":"summary_large_image","twitter_misc":{"Est. reading time":"1 minute"},"schema":{"@context":"https:\/\/schema.org","@graph":[{"@type":"WebPage","@id":"https:\/\/guzman.kontacto.cl\/litigios-y-arbitrajes\/","url":"https:\/\/guzman.kontacto.cl\/litigios-y-arbitrajes\/","name":"Litigios y Arbitrajes - Estudio Guzman","isPartOf":{"@id":"https:\/\/guzman.kontacto.cl\/#website"},"primaryImageOfPage":{"@id":"https:\/\/guzman.kontacto.cl\/litigios-y-arbitrajes\/#primaryimage"},"image":{"@id":"https:\/\/guzman.kontacto.cl\/litigios-y-arbitrajes\/#primaryimage"},"thumbnailUrl":"https:\/\/guzman.kontacto.cl\/wp-content\/uploads\/2025\/11\/bg-servicios.jpg","datePublished":"2025-11-04T13:44:56+00:00","dateModified":"2025-12-18T17:36:48+00:00","breadcrumb":{"@id":"https:\/\/guzman.kontacto.cl\/litigios-y-arbitrajes\/#breadcrumb"},"inLanguage":"en-US","potentialAction":[{"@type":"ReadAction","target":["https:\/\/guzman.kontacto.cl\/litigios-y-arbitrajes\/"]}]},{"@type":"ImageObject","inLanguage":"en-US","@id":"https:\/\/guzman.kontacto.cl\/litigios-y-arbitrajes\/#primaryimage","url":"https:\/\/guzman.kontacto.cl\/wp-content\/uploads\/2025\/11\/bg-servicios.jpg","contentUrl":"https:\/\/guzman.kontacto.cl\/wp-content\/uploads\/2025\/11\/bg-servicios.jpg"},{"@type":"BreadcrumbList","@id":"https:\/\/guzman.kontacto.cl\/litigios-y-arbitrajes\/#breadcrumb","itemListElement":[{"@type":"ListItem","position":1,"name":"Portada","item":"https:\/\/guzman.kontacto.cl\/"},{"@type":"ListItem","position":2,"name":"Litigios y Arbitrajes"}]},{"@type":"WebSite","@id":"https:\/\/guzman.kontacto.cl\/#website","url":"https:\/\/guzman.kontacto.cl\/","name":"Estudio Guzman","description":"Asesor\u00eda legal de excelencia para decisiones estrat\u00e9gicas","potentialAction":[{"@type":"SearchAction","target":{"@type":"EntryPoint","urlTemplate":"https:\/\/guzman.kontacto.cl\/?s={search_term_string}"},"query-input":{"@type":"PropertyValueSpecification","valueRequired":true,"valueName":"search_term_string"}}],"inLanguage":"en-US"}]}},"_links":{"self":[{"href":"https:\/\/guzman.kontacto.cl\/en\/wp-json\/wp\/v2\/pages\/6970","targetHints":{"allow":["GET"]}}],"collection":[{"href":"https:\/\/guzman.kontacto.cl\/en\/wp-json\/wp\/v2\/pages"}],"about":[{"href":"https:\/\/guzman.kontacto.cl\/en\/wp-json\/wp\/v2\/types\/page"}],"author":[{"embeddable":true,"href":"https:\/\/guzman.kontacto.cl\/en\/wp-json\/wp\/v2\/users\/1"}],"replies":[{"embeddable":true,"href":"https:\/\/guzman.kontacto.cl\/en\/wp-json\/wp\/v2\/comments?post=6970"}],"version-history":[{"count":30,"href":"https:\/\/guzman.kontacto.cl\/en\/wp-json\/wp\/v2\/pages\/6970\/revisions"}],"predecessor-version":[{"id":8112,"href":"https:\/\/guzman.kontacto.cl\/en\/wp-json\/wp\/v2\/pages\/6970\/revisions\/8112"}],"wp:attachment":[{"href":"https:\/\/guzman.kontacto.cl\/en\/wp-json\/wp\/v2\/media?parent=6970"}],"curies":[{"name":"wp","href":"https:\/\/api.w.org\/{rel}","templated":true}]}}