{"id":6931,"date":"2025-11-04T12:03:34","date_gmt":"2025-11-04T12:03:34","guid":{"rendered":"https:\/\/guzman.kontacto.cl\/?page_id=6931"},"modified":"2026-01-06T18:22:06","modified_gmt":"2026-01-06T18:22:06","slug":"nuestro-estudio","status":"publish","type":"page","link":"https:\/\/guzman.kontacto.cl\/en\/nuestro-estudio\/","title":{"rendered":"Our Firm"},"content":{"rendered":"<div data-elementor-type=\"wp-page\" data-elementor-id=\"6931\" class=\"elementor elementor-6931\" data-elementor-post-type=\"page\">\n\t\t\t\t<div class=\"elementor-element elementor-element-e3f2701 e-con-full e-flex e-con e-parent\" data-id=\"e3f2701\" data-element_type=\"container\" data-settings=\"{&quot;background_background&quot;:&quot;classic&quot;}\">\n\t\t<div class=\"elementor-element elementor-element-f52a8d8 e-flex e-con-boxed e-con e-child\" data-id=\"f52a8d8\" data-element_type=\"container\">\n\t\t\t\t\t<div class=\"e-con-inner\">\n\t\t\t\t<div class=\"elementor-element elementor-element-68bbee3 elementor-widget elementor-widget-page-title\" data-id=\"68bbee3\" data-element_type=\"widget\" data-widget_type=\"page-title.default\">\n\t\t\t\t<div class=\"elementor-widget-container\">\n\t\t\t\t\t\t\t\n\t\t<div class=\"hfe-page-title hfe-page-title-wrapper elementor-widget-heading\">\n\n\t\t\t\t\t\t\t\t<h2 class=\"elementor-heading-title elementor-size-default\">\n\t\t\t\t\t\t\t\t\n\t\t\t\tOur Firm  \n\t\t\t<\/h2> \n\t\t\t\t\t<\/div>\n\t\t\t\t\t\t<\/div>\n\t\t\t\t<\/div>\n\t\t\t\t\t<\/div>\n\t\t\t\t<\/div>\n\t\t\t\t<\/div>\n\t\t<div class=\"elementor-element elementor-element-4c1e0e6 e-flex e-con-boxed e-con e-parent\" data-id=\"4c1e0e6\" data-element_type=\"container\">\n\t\t\t\t\t<div class=\"e-con-inner\">\n\t\t<div class=\"elementor-element elementor-element-24b4c3a e-con-full e-flex e-con e-child\" data-id=\"24b4c3a\" data-element_type=\"container\">\n\t\t\t\t<div class=\"elementor-element elementor-element-07695ef elementor-widget elementor-widget-text-editor\" data-id=\"07695ef\" data-element_type=\"widget\" data-widget_type=\"text-editor.default\">\n\t\t\t\t\t\t\t\t\t<p>For over 20 years, <b>Estudio Guzm\u00e1n<\/b> has provided personalized advisory services in business generation and development, as well as wealth management, through legal solutions and strategic approaches that enable agile, efficient, and secure operations.<\/p><p>Our attorneys stay up-to-date with the most recent legislation, case law, and administrative criteria, offering innovative proposals in tax and corporate structures that add value to our clients' businesses, investments, and assets, thereby strengthening their competitiveness.<\/p><p>Throughout our trajectory, we have served more than <b>1800 clients<\/b>, including medium and large enterprises, public and private organizations, family groups, and high-net-worth individuals. We are characterized by personalized attention, the constant availability of our partners, and a team of excellence focused on understanding and satisfying the needs of each client.<\/p><p>Our tax advisory integrates the optimization of tax burdens, support in daily operations, and representation before the <b>Chilean Internal Revenue Service (SII) and the Tax and Customs Courts of Chile<\/b>, covering all judicial and administrative instances.<\/p><p>Asimismo, apoyamos a las empresas en materias <strong>tributarias<\/strong>, corporativas, regulatorias y jur\u00eddicas en sus relaciones comerciales, con un equipo de profesionales especializados y con formaci\u00f3n de postgrado en derecho tributario en universidades de prestigio a nivel local e internacional.<\/p>\t\t\t\t\t\t\t\t<\/div>\n\t\t\t\t<\/div>\n\t\t<div class=\"elementor-element elementor-element-e3facce e-con-full e-flex e-con e-child\" data-id=\"e3facce\" data-element_type=\"container\">\n\t\t\t\t<div class=\"elementor-element elementor-element-97cb34b elementor-widget elementor-widget-heading\" data-id=\"97cb34b\" data-element_type=\"widget\" data-widget_type=\"heading.default\">\n\t\t\t\t\t<h2 class=\"elementor-heading-title elementor-size-default\">Services<\/h2>\t\t\t\t<\/div>\n\t\t\t\t<div class=\"elementor-element elementor-element-030ade8 elementor-widget elementor-widget-text-editor\" data-id=\"030ade8\" data-element_type=\"widget\" data-widget_type=\"text-editor.default\">\n\t\t\t\t\t\t\t\t\t<p>Estudio Guzm\u00e1n se especializa en asesor\u00edas <strong>tributarias<\/strong>, derecho corporativo, gesti\u00f3n patrimonial internacional y nacional, litigios y arbitrajes.\u00a0Contamos con un equipo que se caracteriza por su compromiso, alto rendimiento y socios en primera l\u00ednea en la relaci\u00f3n con nuestros clientes.\u00a0<\/p><p>The convergence of our practice areas allows us to offer a 360-degree perspective to execute comprehensive and creative strategies addressing needs that require robust legal solutions and excellent legal representation in both simple and complex matters.<\/p><ul><li>Consultor\u00eda<strong> tributaria<\/strong> local<\/li><li>Consultor\u00eda <strong>tributaria<\/strong> internacional<\/li><li>Reorganizaci\u00f3n <strong>tributaria<\/strong> societaria local<\/li><li>Reorganizaci\u00f3n <strong>tributaria<\/strong> societaria internacional<\/li><li>Reorganizaci\u00f3n <strong>tributaria<\/strong> patrimonio familiar<\/li><li>Inheritance Restructuring<\/li><li><strong>Tributaci\u00f3n<\/strong> internacional<\/li><li>Domestic Investment<\/li><li>Foreign Investment<\/li><li>Business Structuring and Maximization from a Tax Perspective<\/li><li>Taxpayer Defense in Administrative Proceedings \u2013 SII\u00a0<\/li><li>Taxpayer Defense in Judicial Proceedings \u2013 Tax Litigation<\/li><li>Gestiones <strong>tributarias<\/strong> ante Sii, Tgr, Rentas Municipales<\/li><li>Strategic Tax Compliance Planning<\/li><li>Private Investment Funds<\/li><li>Creation of Foundations and Corporations<\/li><li>Regularization of Municipal Taxes<\/li><li>Informes en derecho <strong>Tax Law Framework<\/strong> (informes legales)<\/li><li>Advisory in Commercial Law and Corporate Governance<\/li><li>Family Protocols<\/li><li>Joint Ventures<\/li><li>Project Financing (Tax Level)<\/li><li>Tax Perspective in Mergers and Acquisitions (M&amp;A)<\/li><\/ul>\t\t\t\t\t\t\t\t<\/div>\n\t\t\t\t<\/div>\n\t\t\t\t\t<\/div>\n\t\t\t\t<\/div>\n\t\t\t\t<\/div>","protected":false},"excerpt":{"rendered":"<p>Nuestro Estudio Desde hace m\u00e1s de 20 a\u00f1os, Estudio Guzm\u00e1n presta asesor\u00eda personalizada en la generaci\u00f3n y desarrollo de negocios, as\u00ed como en la gesti\u00f3n de patrimonios, mediante soluciones jur\u00eddicas y enfoques estrat\u00e9gicos que permiten operar de manera \u00e1gil, eficiente y segura. Nuestros abogados se mantienen al d\u00eda con la legislaci\u00f3n, la jurisprudencia y los [&hellip;]<\/p>","protected":false},"author":1,"featured_media":0,"parent":0,"menu_order":0,"comment_status":"closed","ping_status":"closed","template":"","meta":{"_acf_changed":false,"footnotes":""},"class_list":["post-6931","page","type-page","status-publish","hentry"],"acf":[],"yoast_head":"<!-- This site is optimized with the Yoast SEO plugin v25.1 - https:\/\/yoast.com\/wordpress\/plugins\/seo\/ -->\n<title>Nuestro Estudio - Estudio Guzman<\/title>\n<meta name=\"robots\" content=\"index, follow, max-snippet:-1, max-image-preview:large, max-video-preview:-1\" \/>\n<link rel=\"canonical\" href=\"https:\/\/guzman.kontacto.cl\/en\/nuestro-estudio\/\" \/>\n<meta property=\"og:locale\" content=\"en_US\" \/>\n<meta property=\"og:type\" content=\"article\" \/>\n<meta property=\"og:title\" content=\"Nuestro Estudio - Estudio Guzman\" \/>\n<meta property=\"og:description\" content=\"Nuestro Estudio Desde hace m\u00e1s de 20 a\u00f1os, Estudio Guzm\u00e1n presta asesor\u00eda personalizada en la generaci\u00f3n y desarrollo de negocios, as\u00ed como en la gesti\u00f3n de patrimonios, mediante soluciones jur\u00eddicas y enfoques estrat\u00e9gicos que permiten operar de manera \u00e1gil, eficiente y segura. Nuestros abogados se mantienen al d\u00eda con la legislaci\u00f3n, la jurisprudencia y los [&hellip;]\" \/>\n<meta property=\"og:url\" content=\"https:\/\/guzman.kontacto.cl\/en\/nuestro-estudio\/\" \/>\n<meta property=\"og:site_name\" content=\"Estudio Guzman\" \/>\n<meta property=\"article:modified_time\" content=\"2026-01-06T18:22:06+00:00\" \/>\n<meta name=\"twitter:card\" content=\"summary_large_image\" \/>\n<meta name=\"twitter:label1\" content=\"Est. reading time\" \/>\n\t<meta name=\"twitter:data1\" content=\"1 minute\" \/>\n<script type=\"application\/ld+json\" class=\"yoast-schema-graph\">{\"@context\":\"https:\/\/schema.org\",\"@graph\":[{\"@type\":\"WebPage\",\"@id\":\"https:\/\/guzman.kontacto.cl\/nuestro-estudio\/\",\"url\":\"https:\/\/guzman.kontacto.cl\/nuestro-estudio\/\",\"name\":\"Nuestro Estudio - Estudio Guzman\",\"isPartOf\":{\"@id\":\"https:\/\/guzman.kontacto.cl\/#website\"},\"datePublished\":\"2025-11-04T12:03:34+00:00\",\"dateModified\":\"2026-01-06T18:22:06+00:00\",\"breadcrumb\":{\"@id\":\"https:\/\/guzman.kontacto.cl\/nuestro-estudio\/#breadcrumb\"},\"inLanguage\":\"en-US\",\"potentialAction\":[{\"@type\":\"ReadAction\",\"target\":[\"https:\/\/guzman.kontacto.cl\/nuestro-estudio\/\"]}]},{\"@type\":\"BreadcrumbList\",\"@id\":\"https:\/\/guzman.kontacto.cl\/nuestro-estudio\/#breadcrumb\",\"itemListElement\":[{\"@type\":\"ListItem\",\"position\":1,\"name\":\"Portada\",\"item\":\"https:\/\/guzman.kontacto.cl\/\"},{\"@type\":\"ListItem\",\"position\":2,\"name\":\"Nuestro Estudio\"}]},{\"@type\":\"WebSite\",\"@id\":\"https:\/\/guzman.kontacto.cl\/#website\",\"url\":\"https:\/\/guzman.kontacto.cl\/\",\"name\":\"Estudio Guzman\",\"description\":\"Asesor\u00eda legal de excelencia para decisiones estrat\u00e9gicas\",\"potentialAction\":[{\"@type\":\"SearchAction\",\"target\":{\"@type\":\"EntryPoint\",\"urlTemplate\":\"https:\/\/guzman.kontacto.cl\/?s={search_term_string}\"},\"query-input\":{\"@type\":\"PropertyValueSpecification\",\"valueRequired\":true,\"valueName\":\"search_term_string\"}}],\"inLanguage\":\"en-US\"}]}<\/script>\n<!-- \/ Yoast SEO plugin. -->","yoast_head_json":{"title":"Nuestro Estudio - Estudio Guzman","robots":{"index":"index","follow":"follow","max-snippet":"max-snippet:-1","max-image-preview":"max-image-preview:large","max-video-preview":"max-video-preview:-1"},"canonical":"https:\/\/guzman.kontacto.cl\/en\/nuestro-estudio\/","og_locale":"en_US","og_type":"article","og_title":"Nuestro Estudio - Estudio Guzman","og_description":"Nuestro Estudio Desde hace m\u00e1s de 20 a\u00f1os, Estudio Guzm\u00e1n presta asesor\u00eda personalizada en la generaci\u00f3n y desarrollo de negocios, as\u00ed como en la gesti\u00f3n de patrimonios, mediante soluciones jur\u00eddicas y enfoques estrat\u00e9gicos que permiten operar de manera \u00e1gil, eficiente y segura. Nuestros abogados se mantienen al d\u00eda con la legislaci\u00f3n, la jurisprudencia y los [&hellip;]","og_url":"https:\/\/guzman.kontacto.cl\/en\/nuestro-estudio\/","og_site_name":"Estudio Guzman","article_modified_time":"2026-01-06T18:22:06+00:00","twitter_card":"summary_large_image","twitter_misc":{"Est. reading time":"1 minute"},"schema":{"@context":"https:\/\/schema.org","@graph":[{"@type":"WebPage","@id":"https:\/\/guzman.kontacto.cl\/nuestro-estudio\/","url":"https:\/\/guzman.kontacto.cl\/nuestro-estudio\/","name":"Nuestro Estudio - Estudio Guzman","isPartOf":{"@id":"https:\/\/guzman.kontacto.cl\/#website"},"datePublished":"2025-11-04T12:03:34+00:00","dateModified":"2026-01-06T18:22:06+00:00","breadcrumb":{"@id":"https:\/\/guzman.kontacto.cl\/nuestro-estudio\/#breadcrumb"},"inLanguage":"en-US","potentialAction":[{"@type":"ReadAction","target":["https:\/\/guzman.kontacto.cl\/nuestro-estudio\/"]}]},{"@type":"BreadcrumbList","@id":"https:\/\/guzman.kontacto.cl\/nuestro-estudio\/#breadcrumb","itemListElement":[{"@type":"ListItem","position":1,"name":"Portada","item":"https:\/\/guzman.kontacto.cl\/"},{"@type":"ListItem","position":2,"name":"Nuestro Estudio"}]},{"@type":"WebSite","@id":"https:\/\/guzman.kontacto.cl\/#website","url":"https:\/\/guzman.kontacto.cl\/","name":"Estudio Guzman","description":"Asesor\u00eda legal de excelencia para decisiones estrat\u00e9gicas","potentialAction":[{"@type":"SearchAction","target":{"@type":"EntryPoint","urlTemplate":"https:\/\/guzman.kontacto.cl\/?s={search_term_string}"},"query-input":{"@type":"PropertyValueSpecification","valueRequired":true,"valueName":"search_term_string"}}],"inLanguage":"en-US"}]}},"_links":{"self":[{"href":"https:\/\/guzman.kontacto.cl\/en\/wp-json\/wp\/v2\/pages\/6931","targetHints":{"allow":["GET"]}}],"collection":[{"href":"https:\/\/guzman.kontacto.cl\/en\/wp-json\/wp\/v2\/pages"}],"about":[{"href":"https:\/\/guzman.kontacto.cl\/en\/wp-json\/wp\/v2\/types\/page"}],"author":[{"embeddable":true,"href":"https:\/\/guzman.kontacto.cl\/en\/wp-json\/wp\/v2\/users\/1"}],"replies":[{"embeddable":true,"href":"https:\/\/guzman.kontacto.cl\/en\/wp-json\/wp\/v2\/comments?post=6931"}],"version-history":[{"count":46,"href":"https:\/\/guzman.kontacto.cl\/en\/wp-json\/wp\/v2\/pages\/6931\/revisions"}],"predecessor-version":[{"id":8243,"href":"https:\/\/guzman.kontacto.cl\/en\/wp-json\/wp\/v2\/pages\/6931\/revisions\/8243"}],"wp:attachment":[{"href":"https:\/\/guzman.kontacto.cl\/en\/wp-json\/wp\/v2\/media?parent=6931"}],"curies":[{"name":"wp","href":"https:\/\/api.w.org\/{rel}","templated":true}]}}