{"id":6290,"date":"2025-08-05T17:29:14","date_gmt":"2025-08-05T17:29:14","guid":{"rendered":"https:\/\/guzman.kontacto.cl\/?page_id=6290"},"modified":"2026-01-13T13:02:01","modified_gmt":"2026-01-13T13:02:01","slug":"contacto","status":"publish","type":"page","link":"https:\/\/guzman.kontacto.cl\/en\/contacto\/","title":{"rendered":"Contact us"},"content":{"rendered":"<div data-elementor-type=\"wp-page\" data-elementor-id=\"6290\" class=\"elementor elementor-6290\" data-elementor-post-type=\"page\">\n\t\t\t\t<div class=\"elementor-element elementor-element-d165fea e-con-full e-flex e-con e-parent\" data-id=\"d165fea\" data-element_type=\"container\" data-settings=\"{&quot;background_background&quot;:&quot;classic&quot;}\">\n\t\t<div class=\"elementor-element elementor-element-5dbb4e3 e-flex e-con-boxed e-con e-child\" data-id=\"5dbb4e3\" data-element_type=\"container\">\n\t\t\t\t\t<div class=\"e-con-inner\">\n\t\t\t\t<div class=\"elementor-element elementor-element-990e382 elementor-widget elementor-widget-page-title\" data-id=\"990e382\" data-element_type=\"widget\" data-widget_type=\"page-title.default\">\n\t\t\t\t<div class=\"elementor-widget-container\">\n\t\t\t\t\t\t\t\n\t\t<div class=\"hfe-page-title hfe-page-title-wrapper elementor-widget-heading\">\n\n\t\t\t\t\t\t\t\t\t\t\t<a href=\"https:\/\/guzman.kontacto.cl\/en\">\n\t\t\t\t\t\t<h2 class=\"elementor-heading-title elementor-size-default\">\n\t\t\t\t\t\t\t\t\n\t\t\t\tContact us  \n\t\t\t<\/h2> \n\t\t\t\t\t\t\t\t\t<\/a>\n\t\t\t\t\t<\/div>\n\t\t\t\t\t\t<\/div>\n\t\t\t\t<\/div>\n\t\t\t\t\t<\/div>\n\t\t\t\t<\/div>\n\t\t\t\t<\/div>\n\t\t<div class=\"elementor-element elementor-element-1e1b406d e-flex e-con-boxed e-con e-parent\" data-id=\"1e1b406d\" data-element_type=\"container\" data-settings=\"{&quot;background_background&quot;:&quot;classic&quot;}\">\n\t\t\t\t\t<div class=\"e-con-inner\">\n\t\t<div class=\"elementor-element elementor-element-29760427 e-flex e-con-boxed e-con e-child\" data-id=\"29760427\" data-element_type=\"container\">\n\t\t\t\t\t<div class=\"e-con-inner\">\n\t\t<div class=\"elementor-element elementor-element-78b6e14 e-con-full e-flex e-con e-child\" data-id=\"78b6e14\" data-element_type=\"container\">\n\t\t\t\t<div class=\"elementor-element elementor-element-e6d9ac7 elementor-hidden-desktop elementor-hidden-tablet elementor-hidden-mobile elementor-widget elementor-widget-heading\" data-id=\"e6d9ac7\" data-element_type=\"widget\" data-widget_type=\"heading.default\">\n\t\t\t\t\t<h2 class=\"elementor-heading-title elementor-size-default\">Te asesoramos legalmente. Comun\u00edcate con nosotros.<\/h2>\t\t\t\t<\/div>\n\t\t\t\t<div class=\"elementor-element elementor-element-82a505a elementor-icon-list--layout-traditional elementor-list-item-link-full_width elementor-widget elementor-widget-icon-list\" data-id=\"82a505a\" data-element_type=\"widget\" data-widget_type=\"icon-list.default\">\n\t\t\t\t\t\t\t<ul class=\"elementor-icon-list-items\">\n\t\t\t\t\t\t\t<li class=\"elementor-icon-list-item\">\n\t\t\t\t\t\t\t\t\t\t\t<a href=\"tel:+56223610630%20\">\n\n\t\t\t\t\t\t\t\t\t\t\t\t<span class=\"elementor-icon-list-icon\">\n\t\t\t\t\t\t\t<i aria-hidden=\"true\" class=\"lnr lnr-phone-handset\"><\/i>\t\t\t\t\t\t<\/span>\n\t\t\t\t\t\t\t\t\t\t<span class=\"elementor-icon-list-text\">+562 2361 0630 <\/span>\n\t\t\t\t\t\t\t\t\t\t\t<\/a>\n\t\t\t\t\t\t\t\t\t<\/li>\n\t\t\t\t\t\t\t\t<li class=\"elementor-icon-list-item\">\n\t\t\t\t\t\t\t\t\t\t\t<a href=\"mailto:vamenabar@gcia.cl\">\n\n\t\t\t\t\t\t\t\t\t\t\t\t<span class=\"elementor-icon-list-icon\">\n\t\t\t\t\t\t\t<i aria-hidden=\"true\" class=\"lnr lnr-envelope\"><\/i>\t\t\t\t\t\t<\/span>\n\t\t\t\t\t\t\t\t\t\t<span class=\"elementor-icon-list-text\">info@gcia.cl<\/span>\n\t\t\t\t\t\t\t\t\t\t\t<\/a>\n\t\t\t\t\t\t\t\t\t<\/li>\n\t\t\t\t\t\t<\/ul>\n\t\t\t\t\t\t<\/div>\n\t\t\t\t<div class=\"elementor-element elementor-element-bb31900 elementor-widget elementor-widget-spacer\" data-id=\"bb31900\" data-element_type=\"widget\" data-widget_type=\"spacer.default\">\n\t\t\t\t\t\t\t<div class=\"elementor-spacer\">\n\t\t\t<div class=\"elementor-spacer-inner\"><\/div>\n\t\t<\/div>\n\t\t\t\t\t\t<\/div>\n\t\t\t\t<div class=\"elementor-element elementor-element-822fe8f elementor-widget elementor-widget-google_maps\" data-id=\"822fe8f\" data-element_type=\"widget\" data-widget_type=\"google_maps.default\">\n\t\t\t\t\t\t\t<div class=\"elementor-custom-embed\">\n\t\t\t<iframe loading=\"lazy\"\n\t\t\t\t\tsrc=\"https:\/\/maps.google.com\/maps?q=Cerro%20El%20Plomo%205420%2C%20Of.%201903%2C%20Las%20Condes%2C%20Santiago%2C%20Chile&#038;t=m&#038;z=10&#038;output=embed&#038;iwloc=near\"\n\t\t\t\t\ttitle=\"Cerro El Plomo 5420, Of. 1903, Las Condes, Santiago, Chile\"\n\t\t\t\t\taria-label=\"Cerro El Plomo 5420, Of. 1903, Las Condes, Santiago, Chile\"\n\t\t\t><\/iframe>\n\t\t<\/div>\n\t\t\t\t\t\t<\/div>\n\t\t\t\t<\/div>\n\t\t<div class=\"elementor-element elementor-element-9e494f0 e-con-full e-flex e-con e-child\" data-id=\"9e494f0\" data-element_type=\"container\">\n\t\t\t\t<div class=\"elementor-element elementor-element-74a7f45 elementor-widget elementor-widget-shortcode\" data-id=\"74a7f45\" data-element_type=\"widget\" data-widget_type=\"shortcode.default\">\n\t\t\t\t\t\t\t<div class=\"elementor-shortcode\"><div class=\"forminator-ui forminator-custom-form forminator-custom-form-6303 forminator-design--flat forminator-custom forminator_ajax\" data-forminator-render=\"0\" data-form=\"forminator-module-6303\" data-uid=\"69de2e724c7a3\"><br\/><\/div><form\n\t\t\t\tid=\"forminator-module-6303\"\n\t\t\t\tclass=\"forminator-ui forminator-custom-form forminator-custom-form-6303 forminator-design--flat forminator-custom forminator_ajax\"\n\t\t\t\tmethod=\"post\"\n\t\t\t\tdata-forminator-render=\"0\"\n\t\t\t\tdata-form-id=\"6303\"\n\t\t\t\t\n\t\t\t\tdata-design=\"flat\"\n\t\t\t\t\n\t\t\t\t\n\t\t\t\t\n\t\t\t\tdata-grid=\"custom\"\n\t\t\t\t\n\t\t\t\t\n\t\t\t\tstyle=\"display: none;\"\n\t\t\t\t\n\t\t\t\tdata-uid=\"69de2e724c7a3\" action=\"\"\n\t\t\t><div role=\"alert\" aria-live=\"polite\" class=\"forminator-response-message forminator-error\" aria-hidden=\"true\"><\/div><div class=\"forminator-row\"><div id=\"name-2\" class=\"forminator-field-name forminator-col forminator-col-12\"><div class=\"forminator-row forminator-no-margin\" data-multiple=\"true\"><div class=\"forminator-col forminator-col-md-6\"><div class=\"forminator-field\"><label for=\"forminator-field-first-name-2_69de2e724c7a3\" id=\"forminator-field-first-name-2_69de2e724c7a3-label\" class=\"forminator-label\">Nombre<\/label><input type=\"text\" name=\"name-2-first-name\" placeholder=\"Juan\" id=\"forminator-field-first-name-2_69de2e724c7a3\" class=\"forminator-input\" aria-required=\"false\" data-multi=\"1\" value=\"\" \/><\/div><\/div><div class=\"forminator-col forminator-col-md-6\"><div class=\"forminator-field\"><label for=\"forminator-field-last-name-2_69de2e724c7a3\" id=\"forminator-field-last-name-2_69de2e724c7a3-label\" class=\"forminator-label\">Apellido<\/label><input type=\"text\" name=\"name-2-last-name\" placeholder=\"P\u00e9rez\" id=\"forminator-field-last-name-2_69de2e724c7a3\" class=\"forminator-input\" aria-required=\"false\" data-multi=\"1\" value=\"\" \/><\/div><\/div><\/div><\/div><\/div><div class=\"forminator-row\"><div id=\"email-1\" class=\"forminator-field-email forminator-col forminator-col-12\"><div class=\"forminator-field\"><label for=\"forminator-field-email-1_69de2e724c7a3\" id=\"forminator-field-email-1_69de2e724c7a3-label\" class=\"forminator-label\">Direcci\u00f3n de correo electr\u00f3nico <span class=\"forminator-required\">*<\/span><\/label><input type=\"email\" name=\"email-1\" value=\"\" placeholder=\"juan@gmail.com\" id=\"forminator-field-email-1_69de2e724c7a3\" class=\"forminator-input forminator-email--field\" data-required=\"true\" aria-required=\"true\" \/><\/div><\/div><\/div><div class=\"forminator-row\"><div id=\"phone-1\" class=\"forminator-field-phone forminator-col forminator-col-12\"><div class=\"forminator-field\"><label for=\"forminator-field-phone-1_69de2e724c7a3\" id=\"forminator-field-phone-1_69de2e724c7a3-label\" class=\"forminator-label\">N\u00famero de tel\u00e9fono<\/label><input type=\"text\" name=\"phone-1\" value=\"\" placeholder=\"+569....\" id=\"forminator-field-phone-1_69de2e724c7a3\" class=\"forminator-input forminator-field--phone\" data-required=\"\" aria-required=\"false\" autocomplete=\"off\" \/><\/div><\/div><\/div><div class=\"forminator-row\"><div id=\"textarea-1\" class=\"forminator-field-textarea forminator-col forminator-col-12\"><div class=\"forminator-field\"><label for=\"forminator-field-textarea-1_69de2e724c7a3\" id=\"forminator-field-textarea-1_69de2e724c7a3-label\" class=\"forminator-label\">Mensaje<\/label><textarea name=\"textarea-1\" placeholder=\"Escribe tu mensaje...\" id=\"forminator-field-textarea-1_69de2e724c7a3\" class=\"forminator-textarea\" rows=\"6\" style=\"min-height:140px;\" ><\/textarea><\/div><\/div><\/div><input type=\"hidden\" name=\"referer_url\" value=\"\" \/><div class=\"forminator-row forminator-row-last\"><div class=\"forminator-col\"><div class=\"forminator-field\"><button class=\"forminator-button forminator-button-submit\">Enviar mensaje<\/button><\/div><\/div><\/div><input type=\"hidden\" id=\"forminator_nonce\" name=\"forminator_nonce\" value=\"77b48c7e80\" \/><input type=\"hidden\" name=\"_wp_http_referer\" value=\"\/en\/wp-json\/wp\/v2\/pages\/6290\" \/><input type=\"hidden\" name=\"form_id\" value=\"6303\"><input type=\"hidden\" name=\"page_id\" value=\"6290\"><input type=\"hidden\" name=\"form_type\" value=\"default\"><input type=\"hidden\" name=\"current_url\" value=\"https:\/\/guzman.kontacto.cl\/en\/contacto\/\"><input type=\"hidden\" name=\"render_id\" value=\"0\"><input type=\"hidden\" name=\"action\" value=\"forminator_submit_form_custom-forms\"><input type=\"hidden\" name=\"trp-form-language\" value=\"en\"\/><\/form><\/div>\n\t\t\t\t\t\t<\/div>\n\t\t\t\t<\/div>\n\t\t\t\t\t<\/div>\n\t\t\t\t<\/div>\n\t\t\t\t\t<\/div>\n\t\t\t\t<\/div>\n\t\t\t\t<\/div>","protected":false},"excerpt":{"rendered":"<p>Contacto Te asesoramos legalmente. Comun\u00edcate con nosotros. +562 2361 0630 info@gcia.cl<\/p>","protected":false},"author":1,"featured_media":0,"parent":0,"menu_order":0,"comment_status":"closed","ping_status":"closed","template":"","meta":{"_acf_changed":false,"footnotes":""},"class_list":["post-6290","page","type-page","status-publish","hentry"],"acf":[],"yoast_head":"<!-- This site is optimized with the Yoast SEO plugin v25.1 - https:\/\/yoast.com\/wordpress\/plugins\/seo\/ -->\n<title>Contacto - Estudio Guzman<\/title>\n<meta name=\"description\" content=\"En Sercomed los Servicios de Consultor\u00eda y Gesti\u00f3n est\u00e1n dise\u00f1ados para ayudar a mejorar sus operaciones y maximizar la satisfacci\u00f3n de sus clientes.\" \/>\n<meta name=\"robots\" content=\"index, follow, max-snippet:-1, max-image-preview:large, max-video-preview:-1\" \/>\n<link rel=\"canonical\" href=\"https:\/\/guzman.kontacto.cl\/en\/contacto\/\" \/>\n<meta property=\"og:locale\" content=\"en_US\" \/>\n<meta property=\"og:type\" content=\"article\" \/>\n<meta property=\"og:title\" content=\"Contacto - Estudio Guzman\" \/>\n<meta property=\"og:description\" content=\"En Sercomed los Servicios de Consultor\u00eda y Gesti\u00f3n est\u00e1n dise\u00f1ados para ayudar a mejorar sus operaciones y maximizar la satisfacci\u00f3n de sus clientes.\" \/>\n<meta property=\"og:url\" content=\"https:\/\/guzman.kontacto.cl\/en\/contacto\/\" \/>\n<meta property=\"og:site_name\" content=\"Estudio Guzman\" \/>\n<meta property=\"article:modified_time\" content=\"2026-01-13T13:02:01+00:00\" \/>\n<meta name=\"twitter:card\" content=\"summary_large_image\" \/>\n<meta name=\"twitter:label1\" content=\"Est. reading time\" \/>\n\t<meta name=\"twitter:data1\" content=\"1 minute\" \/>\n<script type=\"application\/ld+json\" class=\"yoast-schema-graph\">{\"@context\":\"https:\/\/schema.org\",\"@graph\":[{\"@type\":\"WebPage\",\"@id\":\"https:\/\/guzman.kontacto.cl\/contacto\/\",\"url\":\"https:\/\/guzman.kontacto.cl\/contacto\/\",\"name\":\"Contacto - Estudio Guzman\",\"isPartOf\":{\"@id\":\"https:\/\/guzman.kontacto.cl\/#website\"},\"datePublished\":\"2025-08-05T17:29:14+00:00\",\"dateModified\":\"2026-01-13T13:02:01+00:00\",\"description\":\"En Sercomed los Servicios de Consultor\u00eda y Gesti\u00f3n est\u00e1n dise\u00f1ados para ayudar a mejorar sus operaciones y maximizar la satisfacci\u00f3n de sus clientes.\",\"breadcrumb\":{\"@id\":\"https:\/\/guzman.kontacto.cl\/contacto\/#breadcrumb\"},\"inLanguage\":\"en-US\",\"potentialAction\":[{\"@type\":\"ReadAction\",\"target\":[\"https:\/\/guzman.kontacto.cl\/contacto\/\"]}]},{\"@type\":\"BreadcrumbList\",\"@id\":\"https:\/\/guzman.kontacto.cl\/contacto\/#breadcrumb\",\"itemListElement\":[{\"@type\":\"ListItem\",\"position\":1,\"name\":\"Portada\",\"item\":\"https:\/\/guzman.kontacto.cl\/\"},{\"@type\":\"ListItem\",\"position\":2,\"name\":\"Contacto\"}]},{\"@type\":\"WebSite\",\"@id\":\"https:\/\/guzman.kontacto.cl\/#website\",\"url\":\"https:\/\/guzman.kontacto.cl\/\",\"name\":\"Estudio Guzman\",\"description\":\"Asesor\u00eda legal de excelencia para decisiones estrat\u00e9gicas\",\"potentialAction\":[{\"@type\":\"SearchAction\",\"target\":{\"@type\":\"EntryPoint\",\"urlTemplate\":\"https:\/\/guzman.kontacto.cl\/?s={search_term_string}\"},\"query-input\":{\"@type\":\"PropertyValueSpecification\",\"valueRequired\":true,\"valueName\":\"search_term_string\"}}],\"inLanguage\":\"en-US\"}]}<\/script>\n<!-- \/ Yoast SEO plugin. -->","yoast_head_json":{"title":"Contacto - Estudio Guzman","description":"En Sercomed los Servicios de Consultor\u00eda y Gesti\u00f3n est\u00e1n dise\u00f1ados para ayudar a mejorar sus operaciones y maximizar la satisfacci\u00f3n de sus clientes.","robots":{"index":"index","follow":"follow","max-snippet":"max-snippet:-1","max-image-preview":"max-image-preview:large","max-video-preview":"max-video-preview:-1"},"canonical":"https:\/\/guzman.kontacto.cl\/en\/contacto\/","og_locale":"en_US","og_type":"article","og_title":"Contacto - Estudio Guzman","og_description":"En Sercomed los Servicios de Consultor\u00eda y Gesti\u00f3n est\u00e1n dise\u00f1ados para ayudar a mejorar sus operaciones y maximizar la satisfacci\u00f3n de sus clientes.","og_url":"https:\/\/guzman.kontacto.cl\/en\/contacto\/","og_site_name":"Estudio Guzman","article_modified_time":"2026-01-13T13:02:01+00:00","twitter_card":"summary_large_image","twitter_misc":{"Est. reading time":"1 minute"},"schema":{"@context":"https:\/\/schema.org","@graph":[{"@type":"WebPage","@id":"https:\/\/guzman.kontacto.cl\/contacto\/","url":"https:\/\/guzman.kontacto.cl\/contacto\/","name":"Contacto - Estudio Guzman","isPartOf":{"@id":"https:\/\/guzman.kontacto.cl\/#website"},"datePublished":"2025-08-05T17:29:14+00:00","dateModified":"2026-01-13T13:02:01+00:00","description":"En Sercomed los Servicios de Consultor\u00eda y Gesti\u00f3n est\u00e1n dise\u00f1ados para ayudar a mejorar sus operaciones y maximizar la satisfacci\u00f3n de sus clientes.","breadcrumb":{"@id":"https:\/\/guzman.kontacto.cl\/contacto\/#breadcrumb"},"inLanguage":"en-US","potentialAction":[{"@type":"ReadAction","target":["https:\/\/guzman.kontacto.cl\/contacto\/"]}]},{"@type":"BreadcrumbList","@id":"https:\/\/guzman.kontacto.cl\/contacto\/#breadcrumb","itemListElement":[{"@type":"ListItem","position":1,"name":"Portada","item":"https:\/\/guzman.kontacto.cl\/"},{"@type":"ListItem","position":2,"name":"Contacto"}]},{"@type":"WebSite","@id":"https:\/\/guzman.kontacto.cl\/#website","url":"https:\/\/guzman.kontacto.cl\/","name":"Estudio Guzman","description":"Asesor\u00eda legal de excelencia para decisiones estrat\u00e9gicas","potentialAction":[{"@type":"SearchAction","target":{"@type":"EntryPoint","urlTemplate":"https:\/\/guzman.kontacto.cl\/?s={search_term_string}"},"query-input":{"@type":"PropertyValueSpecification","valueRequired":true,"valueName":"search_term_string"}}],"inLanguage":"en-US"}]}},"_links":{"self":[{"href":"https:\/\/guzman.kontacto.cl\/en\/wp-json\/wp\/v2\/pages\/6290","targetHints":{"allow":["GET"]}}],"collection":[{"href":"https:\/\/guzman.kontacto.cl\/en\/wp-json\/wp\/v2\/pages"}],"about":[{"href":"https:\/\/guzman.kontacto.cl\/en\/wp-json\/wp\/v2\/types\/page"}],"author":[{"embeddable":true,"href":"https:\/\/guzman.kontacto.cl\/en\/wp-json\/wp\/v2\/users\/1"}],"replies":[{"embeddable":true,"href":"https:\/\/guzman.kontacto.cl\/en\/wp-json\/wp\/v2\/comments?post=6290"}],"version-history":[{"count":99,"href":"https:\/\/guzman.kontacto.cl\/en\/wp-json\/wp\/v2\/pages\/6290\/revisions"}],"predecessor-version":[{"id":8262,"href":"https:\/\/guzman.kontacto.cl\/en\/wp-json\/wp\/v2\/pages\/6290\/revisions\/8262"}],"wp:attachment":[{"href":"https:\/\/guzman.kontacto.cl\/en\/wp-json\/wp\/v2\/media?parent=6290"}],"curies":[{"name":"wp","href":"https:\/\/api.w.org\/{rel}","templated":true}]}}